{"id":37,"date":"2022-06-11T00:49:50","date_gmt":"2022-06-11T00:49:50","guid":{"rendered":"http:\/\/modauto.com.br\/?page_id=37"},"modified":"2026-04-03T14:15:03","modified_gmt":"2026-04-03T14:15:03","slug":"mesmerize","status":"publish","type":"page","link":"http:\/\/modauto.com.br\/","title":{"rendered":"Front Page"},"content":{"rendered":"<div  id=\"content-14\" style=\"background-color: #ffffff;\" data-label=\"Content\" data-id=\"content-3\" data-export-id=\"content-3\" data-category=\"content\" class=\"content-3 content-section content-section-spacing\"><div > <div  class=\"row middle-xs\"><div  class=\"col-sm-7 full-col-left-padding full-col-right-padding\"> <div  class=\"row\"><div  data-type=\"column\" class=\"space-bottom-small content-title-col\"> <h5  class=\"\">SOBRE A\u2026<\/h5> <h2  class=\"\" style=\"border-bottom-color: rgb(0, 141, 255);\">Modauto<\/h2> <p  class=\"\">A Modauto \u00e9 uma oficina altamente especializada em m\u00f3dulos automotivos de Inje\u00e7\u00e3o Eletr\u00f4nica (ECU), BC, BSI, BSM, FRM e outros, que trabalha com tecnologia de ponta para oferecer solu\u00e7\u00f5es avan\u00e7adas e customizadas para cada cliente e suas necessidades.<\/p><\/div> <\/div> <div  class=\"row spaced-cols center-sm\" data-type=\"row\"> <div  class=\"col-xs-6\" data-type=\"column\"> <h5  class=\"\">ESTAMOS NO RIO<\/h5> <p  class=\"\">Local de f\u00e1cil acesso para quem deseja nos visitar.<\/p><\/div> <div  class=\"col-xs-6\" data-type=\"column\"><h5  class=\"\">ACESS\u00cdVEIS<\/h5> <p  class=\"\">Se chamar pelo \u201cZap\u201d, respondemos rapidinho.<\/p><\/div> <div  class=\"col-xs-6\" data-type=\"column\"><h5  class=\"\">VALORES<\/h5> <p  class=\"\">Prezamos pela \u00e9tica e honestidade nos servi\u00e7os.<\/p><\/div> <div  class=\"col-xs-6\" data-type=\"column\"><h5  class=\"\">CUSTO X BENEF\u00cdCIO<\/h5> <p  class=\"\">Possuimos alto \u00edndice de aprova\u00e7\u00e3o e satisfa\u00e7\u00e3o.&nbsp;<\/p><\/div> <\/div><\/div> <div  class=\"col-sm-5 bg-image shadow-large-black revert-classes-holder\" data-bg=\"image\" style=\"background-image: url(&quot;http:\/\/modauto.com.br\/wp-content\/uploads\/2025\/03\/modauto_logo.png&quot;);\"><\/div><\/div> <\/div><\/div><div  id=\"features-10\" style=\"background-color: #ffffff;\" data-label=\"Features\" data-id=\"features-16-card-bordered\" data-export-id=\"features-16-card-bordered\" data-category=\"features\" class=\"features-16-card-bordered content-section content-section-spacing\"><div  class=\"gridContainer\"> <div  class=\"row text-center\"><div  class=\"section-title-col\" data-type=\"column\"> <h2  class=\"\" style=\"border-bottom-color: rgb(0, 141, 255);\">Confira os nossos diferenciais<\/h2> <p  class=\"lead\">Est\u00e1 com problema no m\u00f3dulo do seu ve\u00edculo, j\u00e1 passou por diversos profissionais, e n\u00e3o sabe como resolver? Venha conhecer a nossa oficina e saiba como trabalhamos para resolver o seu problema.<\/p><\/div> <\/div> <div  class=\"row spaced-cols center-sm content-center-sm\" data-type=\"row\"> <div  class=\"col-xs-12 col-sm-6 col-md-4\"> <div  class=\"card no-padding bordered y-move\"> <img  decoding=\"async\" class=\"face\" src=\"http:\/\/modauto.com.br\/wp-content\/uploads\/2022\/06\/cropped-modulos-rj.png\" title=\"cropped-modulos-rj.png\" alt=\"\"> <div  data-type=\"column\" class=\"col-padding-small col-padding-small-xs description-container\"> <h4  class=\"font-500\">Diversidade de M\u00f3dulos<\/h4> <p  class=\"\">Trabalhamos com m\u00f3dulos de inje\u00e7\u00e3o eletr\u00f4nica, airbag, ABS, BSI, BSM e BC\/FRM das mais variadas marcas e modelos. <\/p><\/div> <div  data-type=\"column\" class=\"col-padding-small col-padding-small-xs read-more-container\"><\/div> <\/div><\/div> <div  class=\"col-xs-12 col-sm-6 col-md-4\"><div  class=\"card no-padding bordered y-move\"> <img  decoding=\"async\" class=\"face\" src=\"http:\/\/modauto.com.br\/wp-content\/uploads\/2022\/06\/cropped-banner-extra-scaled-1.jpg\" title=\"cropped-banner-extra-scaled-1.jpg\" alt=\"\"> <div  data-type=\"column\" class=\"col-padding-small col-padding-small-xs description-container\"> <h4  class=\"font-500\">Equipamentos de \u00daltima Gera\u00e7\u00e3o<\/h4> <p  class=\"\">Usamos m\u00e1quinas e equipamentos de alta tecnologia para realizar diagn\u00f3sticos avan\u00e7ados, encontrar defeitos e resolver.<\/p><\/div> <div  data-type=\"column\" class=\"col-padding-small col-padding-small-xs read-more-container\"><\/div> <\/div><\/div> <div  class=\"col-xs-12 col-sm-6 col-md-4\"><div  class=\"card no-padding bordered y-move\"> <img  decoding=\"async\" class=\"face\" src=\"http:\/\/modauto.com.br\/wp-content\/uploads\/2022\/06\/cropped-banner-titular-1.jpg\" title=\"cropped-banner-titular-1.jpg\" alt=\"\"> <div  data-type=\"column\" class=\"col-padding-small col-padding-small-xs description-container\"> <h4  class=\"font-500\">Full Service<\/h4> <p  class=\"\">Oferecemos uma gama de servi\u00e7os diferenciados com o objetivo de proporcionar maior comodidade em um \u00fanico ambiente.<\/p><\/div> <div  data-type=\"column\" class=\"col-padding-small col-padding-small-xs read-more-container\"><\/div> <\/div><\/div> <\/div><\/div> <\/div><div  id=\"portfolio-3\" style=\"background-color: #f5fafd;\" data-label=\"Portfolio\" data-id=\"portfolio-4\" data-export-id=\"portfolio-4\" data-category=\"portfolio\" class=\"portfolio-4 content-section content-section-spacing-top\"><div  class=\"\"> <div  class=\"row text-center\"><div  class=\"section-title-col\" data-type=\"column\"> <h2  class=\"\" style=\"border-bottom-color: rgb(0, 141, 255);\">Portfolio de M\u00f3dulos<\/h2> <p  class=\"lead\">Sejam novos ou usados, nacionais ou importados, populares ou elitizados, estamos preparados para trabalhar com a diversidade de m\u00f3dulos abaixo:&nbsp;<\/p><img  decoding=\"async\" class=\"custom-image\" src=\"#\"><img  decoding=\"async\" class=\"custom-image\" src=\"#\"><\/div> <\/div> <div  data-type=\"row\" class=\"row\" data-fixed=\"true\">   <div  class=\"col-xs-12 col-sm-3 no-gutter-col col-md-4\"><div  class=\"contentswap-effect\" data-hover-fx=\"portfolio-4\"> <div  class=\"initial-image\"> <img  decoding=\"async\" data-size=\"542x360\" src=\"http:\/\/modauto.com.br\/wp-content\/uploads\/2022\/06\/cropped-BSM-1.jpg\"><\/div> <div  class=\"overlay bg-color1\"><\/div> <div  class=\"swap-inner col-xs-12\"> <div  class=\"row full-height-row middle-xs middle-sm\"> <div  class=\"col-xs-12 text-center content-holder\"> <a  href=\"#\" target=\"_self\" rel=\"noopener\"><i  class=\"fa icon portfolio-icon fa-search big\" aria-hidden=\"true\"><\/i><\/a><\/div> <\/div><\/div> <\/div><\/div><div  class=\"col-xs-12 col-sm-3 no-gutter-col col-md-4\"><div  class=\"contentswap-effect\" data-hover-fx=\"portfolio-4\"> <div  class=\"initial-image\"> <img  decoding=\"async\" data-size=\"542x360\" src=\"http:\/\/modauto.com.br\/wp-content\/uploads\/2022\/06\/cropped-modulo-BSI1-1.jpg\"><\/div> <div  class=\"overlay bg-color1\"><\/div> <div  class=\"swap-inner col-xs-12\"> <div  class=\"row full-height-row middle-xs middle-sm\"> <div  class=\"col-xs-12 text-center content-holder\"> <a  href=\"http:\/\/modauto.com.br\" target=\"_self\" rel=\"noopener\"><i  class=\"fa icon portfolio-icon fa-search big\" aria-hidden=\"true\"><\/i><\/a><\/div> <\/div><\/div> <\/div><\/div>      <div  class=\"col-xs-12 col-sm-3 no-gutter-col col-md-4\"> <div  class=\"contentswap-effect\" data-hover-fx=\"portfolio-4\"> <div  class=\"initial-image\"> <img  decoding=\"async\" data-size=\"542x360\" src=\"http:\/\/modauto.com.br\/wp-content\/uploads\/2022\/06\/cropped-BC..jpg\"><\/div> <div  class=\"overlay bg-color1\"><\/div> <div  class=\"swap-inner col-xs-12\"> <div  class=\"row full-height-row middle-xs middle-sm\"> <div  class=\"col-xs-12 text-center content-holder\"> <a  href=\"http:\/\/modauto.com.br\" target=\"_self\" rel=\"noopener\"><i  class=\"fa icon portfolio-icon fa-search big\" aria-hidden=\"true\"><\/i><\/a><\/div> <\/div><\/div> <\/div><\/div><div  class=\"col-xs-12 col-sm-3 no-gutter-col col-md-4\"><div  class=\"contentswap-effect\" data-hover-fx=\"portfolio-4\"> <div  class=\"initial-image\"> <img  decoding=\"async\" data-size=\"542x360\" src=\"http:\/\/modauto.com.br\/wp-content\/uploads\/2022\/06\/cropped-modulo-frm1-1.jpg\"><\/div> <div  class=\"overlay bg-color1\"><\/div> <div  class=\"swap-inner col-xs-12\"> <div  class=\"row full-height-row middle-xs middle-sm\"> <div  class=\"col-xs-12 text-center content-holder\"> <a  href=\"http:\/\/modauto.com.br\" target=\"_self\" rel=\"noopener\"><i  class=\"fa icon portfolio-icon fa-search big\" aria-hidden=\"true\"><\/i><\/a><\/div> <\/div><\/div> <\/div><\/div><div  class=\"col-xs-12 col-sm-3 no-gutter-col col-md-4\"><div  class=\"contentswap-effect\" data-hover-fx=\"portfolio-4\"> <div  class=\"initial-image\"> <img  decoding=\"async\" data-size=\"542x360\" src=\"http:\/\/modauto.com.br\/wp-content\/uploads\/2022\/06\/cropped-ECU.jpg\"><\/div> <div  class=\"overlay bg-color1\"><\/div> <div  class=\"swap-inner col-xs-12\"> <div  class=\"row full-height-row middle-xs middle-sm\"> <div  class=\"col-xs-12 text-center content-holder\"> <a  href=\"#\" target=\"_self\" rel=\"noopener\"><i  class=\"fa icon portfolio-icon fa-search big\" aria-hidden=\"true\"><\/i><\/a><\/div> <\/div><\/div> <\/div><\/div><div  class=\"col-xs-12 col-sm-3 no-gutter-col col-md-4\"><div  class=\"contentswap-effect\" data-hover-fx=\"portfolio-4\"> <div  class=\"initial-image\"> <img  decoding=\"async\" data-size=\"542x360\" src=\"http:\/\/modauto.com.br\/wp-content\/uploads\/2022\/06\/cropped-modulos-da-injecao-eletronica-1.jpg\"><\/div> <div  class=\"overlay bg-color1\"><\/div> <div  class=\"swap-inner col-xs-12\"> <div  class=\"row full-height-row middle-xs middle-sm\"> <div  class=\"col-xs-12 text-center content-holder\"> <a  href=\"#\" target=\"_self\" rel=\"noopener\"><i  class=\"fa icon portfolio-icon fa-search big\" aria-hidden=\"true\"><\/i><\/a><\/div> <\/div><\/div> <\/div><\/div><div  class=\"col-xs-12 col-sm-3 no-gutter-col col-md-4\"><div  class=\"contentswap-effect\" data-hover-fx=\"portfolio-4\"> <div  class=\"initial-image\"> <img  decoding=\"async\" data-size=\"542x360\" src=\"\"><\/div> <div  class=\"overlay bg-color1\"><\/div> <div  class=\"swap-inner col-xs-12\"> <div  class=\"row full-height-row middle-xs middle-sm\"> <div  class=\"col-xs-12 text-center content-holder\"> <a  href=\"http:\/\/modauto.com.br\" target=\"_self\" rel=\"noopener\"><i  class=\"fa icon portfolio-icon fa-search big\" aria-hidden=\"true\"><\/i><\/a><\/div> <\/div><\/div> <\/div><\/div><div  class=\"col-xs-12 col-sm-3 no-gutter-col col-md-4\"><div  class=\"contentswap-effect\" data-hover-fx=\"portfolio-4\"> <div  class=\"initial-image\"> <img  decoding=\"async\" data-size=\"542x360\" src=\"\"><\/div> <div  class=\"overlay bg-color1\"><\/div> <div  class=\"swap-inner col-xs-12\"> <div  class=\"row full-height-row middle-xs middle-sm\"> <div  class=\"col-xs-12 text-center content-holder\"> <a  href=\"http:\/\/modauto.com.br\" target=\"_self\" rel=\"noopener\"><i  class=\"fa icon portfolio-icon fa-search big\" aria-hidden=\"true\"><\/i><\/a><\/div> <\/div><\/div> <\/div><\/div><\/div><\/div> <\/div><div  id=\"testimonials-5\" style=\"background-color: #ffffff;\" data-label=\"Testimonials\" data-id=\"testimonials-5\" data-export-id=\"testimonials-5\" data-category=\"testimonials\" class=\"testimonials-5 content-section content-section-spacing\"><div  class=\"gridContainer\"> <div  class=\"row\"><div  data-type=\"column\" class=\"section-title-col\"> <h2  class=\"\" style=\"border-bottom-color: rgb(0, 141, 255);\">Qualidade Comprovada!<\/h2> <p  class=\"lead\">Confira alguns depoimentos de nossos clientes:<\/p><\/div> <\/div> <div  class=\"row spaced-cols content-center-sm\" data-type=\"row\"> <div  class=\"col-xs-12 col-sm-6 col-md-4 \"> <div  class=\"card y-move bordered\" data-type=\"column\"> <i  class=\"fa fa-quote-right icon color1 small quotation-icon\"><\/i> <p  class=\"text-center\">Estava com um problema no qual fui em v\u00e1rias empresa e nada se resolvia. Por\u00e9m, tive uma indica\u00e7\u00e3o dessa empresa e hoje posso rodar sem problemas nenhum. J\u00e1 fiz o servi\u00e7o a duas semana e meu carro parece que saiu zero. Muito obrigado mesmo, Modauto. Profissional de respeito!<\/p>  <h6  class=\"\">Robert Silva<\/h6> <\/div> <\/div> <div  class=\"col-xs-12 col-sm-6 col-md-4 \"> <div  class=\"card y-move bordered\" data-type=\"column\"> <i  class=\"fa fa-quote-right icon color1 small quotation-icon\"><\/i> <p  class=\"text-center\">Servi\u00e7o de excel\u00eancia desde a entrega do m\u00f3dulo at\u00e9 o t\u00e9rmino do servi\u00e7o. Recomendo o atendimento. Pre\u00e7o compat\u00edvel com o servi\u00e7o prestado. Na concession\u00e1ria sairia por R$ 7.800,00, n\u00e3o teria como fazer. Paguei R$ 1.200,00 e estou com o carro funcionando perfeitamente bem.<\/p>  <h6  class=\"\">S\u00f4nia Freitas<\/h6> <\/div> <\/div> <div  class=\"col-xs-12 col-sm-6 col-md-4 \"> <div  class=\"card y-move bordered\" data-type=\"column\"> <i  class=\"fa fa-quote-right icon color1 small quotation-icon\"><\/i> <p  class=\"text-center\">Estava com um problema no carro que nenhum scanner identificava, o carro morria com baixa acelera\u00e7\u00e3o, e era um erro simples no m\u00f3dulo de leitura de combust\u00edvel. O servi\u00e7o foi executado e identificado, o pre\u00e7o \u00e9 justo e a m\u00e3o de obra super qualificada, recomendo muito.<\/p>  <h6  class=\"\">Maxmina Anim<\/h6> <\/div> <\/div><\/div> <\/div><\/div><div  id=\"counters-2\" style=\"background-color: #f5fafd;\" data-label=\"Counters\" data-id=\"counters-2\" data-export-id=\"counters-2\" data-category=\"counters\" class=\"counters-2 content-section content-section-spacing\"><div  class=\"gridContainer\"> <div  class=\"row text-center\"><div  class=\"section-title-col\" data-type=\"column\"> <h2  class=\"\" style=\"border-bottom-color: rgb(0, 141, 255);\">Com alto \u00edndices de satisfa\u00e7\u00e3o<\/h2> <p  class=\"lead\">Quase todos os nossos clientes voltam a realizar um servi\u00e7o conosco porque se sentiram plenamente satisfeitos para com os servi\u00e7os prestados.<\/p><\/div> <\/div> <div  class=\"row\" data-type=\"row\"> <div  class=\"col-xs-12 col-sm-4 text-center space-bottom\">  <i  class=\"fa icon color1 fa-bomb\"><\/i><h3  class=\"font-400\" data-min=\"0\" data-max=\"150\" data-duration=\"2000\" data-prefix=\"\" data-suffix=\"+\" data-countup=\"true\" style=\"display: inline-block;\"><\/h3> <h5  class=\"upper color2\">problemas resolvidos<\/h5><\/div> <div  class=\"col-xs-12 col-sm-4 text-center space-bottom\"><i  class=\"fa fa-smile-o icon color1\"><\/i> <h3  class=\"font-400\" data-min=\"10000\" data-max=\"150\" data-duration=\"2000\" data-prefix=\"\" data-suffix=\"+\" data-countup=\"true\" style=\"display: inline-block;\"><\/h3> <h5  class=\"upper color2\">clientes atendidos<\/h5><\/div> <div  class=\"col-xs-12 col-sm-4 text-center space-bottom\"><i  class=\"fa fa-trophy icon color1\"><\/i> <h3  class=\"font-400\" data-min=\"0\" data-max=\"98\" data-duration=\"2000\" data-prefix=\"\" data-suffix=\"%\" data-countup=\"true\" style=\"display: inline-block;\"><\/h3> <h5  class=\"upper color2\">n\u00edvel de satisfa\u00e7\u00e3o<\/h5><\/div> <\/div><\/div> <\/div><div  id=\"cta-1\" data-label=\"Cta\" data-id=\"cta-blue-section\" data-export-id=\"cta-blue-section\" data-category=\"cta\" class=\"cta-blue-section content-section content-section-spacing-medium bg-color1 white-text\"><div  class=\"gridContainer\"> <div  class=\"row middle-xs\"><div  class=\"col-sm-8 space-bottom-xs\" data-type=\"column\"> <h2  class=\"\">Com a Modauto, voc\u00ea n\u00e3o vai se arrepender.<\/h2> <\/div> <div  class=\"col-sm-4 end-sm\" data-type=\"column\"> <\/div> <\/div><\/div> <\/div><div  id=\"team-2\" style=\"background-color: #ffffff;\" data-label=\"Team\" data-id=\"team-2\" data-export-id=\"team-2\" data-category=\"team\" class=\"team-2 content-section content-section-spacing\"><div  class=\"gridContainer\"> <div  class=\"row text-center\"><div  class=\"section-title-col\" data-type=\"column\"> <h2  class=\"\" style=\"border-bottom-color: rgb(0, 141, 255);\">Um time competente e eficiente!<\/h2> <p  class=\"lead\">Nossa equipe \u00e9 composta por t\u00e9cnicos e parceiros especialistas em suas \u00e1reas com diversos anos de mercado e que buscam se aprimorar a cada dia por meio de cursos de atualiza\u00e7\u00f5es.<\/p><\/div> <\/div> <div  class=\"row spaced-cols content-center-sm\" data-type=\"row\">   <div  class=\"col-sm-6 col-md-12 \"> <div  class=\"card y-move no-padding bordered\">  <div  data-type=\"column\" class=\"col-padding-small col-padding-small-xs description-container\">   <div  class=\"social-icons-group\" data-type=\"group\"> <a  href=\"#\" target=\"_self\" data-reiki-hidden=\"true\" rel=\"noopener\"><i  class=\"gray fa icon fa-facebook-square\"><\/i><\/a> <a  href=\"#\" target=\"_self\" data-reiki-hidden=\"true\" rel=\"noopener\"><i  class=\"gray fa icon fa-twitter-square\"><\/i><\/a> <a  href=\"#\" target=\"_self\" data-reiki-hidden=\"true\" rel=\"noopener\"><i  class=\"gray fa icon fa-linkedin-square\"><\/i><\/a> <a  href=\"#\" target=\"_self\" data-reiki-hidden=\"true\" rel=\"noopener\"><i  class=\"gray fa icon fa-google-plus-square\"><\/i><\/a><\/div> <\/div><\/div> <\/div>     <\/div> <\/div><\/div><div  id=\"contact-1\" data-label=\"Contact\" data-id=\"contact-1\" data-export-id=\"contact-1\" data-category=\"contact\" class=\"contact-1 content-section content-section-spacing white-text\" data-parallax-depth=\"20\" style=\"background-image: url(&quot;http:\/\/modauto.com.br\/wp-content\/uploads\/2022\/08\/Mapa-Modauto1.png&quot;); background-size: cover; background-position: center top;\"><div  class=\"gridContainer\"> <div  class=\"row text-center\"><div  class=\"section-title-col\" data-type=\"column\"> <h2  class=\"\" style=\"border-bottom-color: rgb(0, 141, 255);\">Entre em contato conosco<\/h2> <p  class=\"lead\">Fa\u00e7a um or\u00e7amento sem compromisso conosco e confira a qualidade dos servi\u00e7os.<\/p><\/div> <\/div> <div  class=\"row text-center\"> <div  class=\"col-xs-12 col-sm-8 col-sm-offset-2 contact-form-wrapper inline-info\"> <div  class=\"card large-padding\"> <div  class=\"\" data-content-shortcode=\"mesmerize_contact_form\" data-editable=\"true\"><p style=\"text-align:center;color:#ababab\">Contact form will be displayed here. To activate it you have to set the \"contact form shortcode\" parameter in Customizer.<\/p><\/div><\/div> <\/div><\/div> <\/div><\/div>","protected":false},"excerpt":{"rendered":"<p>SOBRE A\u2026 Modauto A Modauto \u00e9 uma oficina altamente especializada em m\u00f3dulos automotivos de Inje\u00e7\u00e3o Eletr\u00f4nica (ECU), BC, BSI, BSM, FRM e outros, que trabalha com tecnologia de ponta para oferecer solu\u00e7\u00f5es avan\u00e7adas e customizadas para cada cliente e suas necessidades. ESTAMOS NO RIO Local de f\u00e1cil acesso para quem deseja nos visitar. ACESS\u00cdVEIS Se&hellip; <br \/> <a class=\"read-more\" href=\"http:\/\/modauto.com.br\/\">Leia mais<\/a><\/p>\n","protected":false},"author":1,"featured_media":0,"parent":0,"menu_order":0,"comment_status":"closed","ping_status":"closed","template":"page-templates\/homepage.php","meta":{"_regular_price":[],"currency_symbol":[],"om_disable_all_campaigns":false,"_monsterinsights_skip_tracking":false,"_monsterinsights_sitenote_active":false,"_monsterinsights_sitenote_note":"","_monsterinsights_sitenote_category":0,"_uf_show_specific_survey":0,"_uf_disable_surveys":false,"footnotes":""},"class_list":["post-37","page","type-page","status-publish","hentry"],"aioseo_notices":[],"post_slider_layout_featured_media_urls":{"thumbnail":"","post_slider_layout_landscape_large":"","post_slider_layout_portrait_large":"","post_slider_layout_square_large":"","post_slider_layout_landscape":"","post_slider_layout_portrait":"","post_slider_layout_square":"","full":""},"_links":{"self":[{"href":"http:\/\/modauto.com.br\/index.php?rest_route=\/wp\/v2\/pages\/37","targetHints":{"allow":["GET"]}}],"collection":[{"href":"http:\/\/modauto.com.br\/index.php?rest_route=\/wp\/v2\/pages"}],"about":[{"href":"http:\/\/modauto.com.br\/index.php?rest_route=\/wp\/v2\/types\/page"}],"author":[{"embeddable":true,"href":"http:\/\/modauto.com.br\/index.php?rest_route=\/wp\/v2\/users\/1"}],"replies":[{"embeddable":true,"href":"http:\/\/modauto.com.br\/index.php?rest_route=%2Fwp%2Fv2%2Fcomments&post=37"}],"version-history":[{"count":43,"href":"http:\/\/modauto.com.br\/index.php?rest_route=\/wp\/v2\/pages\/37\/revisions"}],"predecessor-version":[{"id":306,"href":"http:\/\/modauto.com.br\/index.php?rest_route=\/wp\/v2\/pages\/37\/revisions\/306"}],"wp:attachment":[{"href":"http:\/\/modauto.com.br\/index.php?rest_route=%2Fwp%2Fv2%2Fmedia&parent=37"}],"curies":[{"name":"wp","href":"https:\/\/api.w.org\/{rel}","templated":true}]}}